{"id":6013,"date":"2023-01-06T05:25:11","date_gmt":"2023-01-06T05:25:11","guid":{"rendered":"https:\/\/funeralesvida.mimundo.com\/?page_id=6013"},"modified":"2025-09-30T23:42:14","modified_gmt":"2025-09-30T23:42:14","slug":"plan-esperanza","status":"publish","type":"page","link":"https:\/\/funeralesvida.com\/wp\/planes-y-servicios\/programas-a-futuro\/plan-esperanza\/","title":{"rendered":"Plan Esperanza"},"content":{"rendered":"<section class=\"wpb-content-wrapper\"><div id=\"modal-ready\"><p>[vc_row full_height=&#8221;yes&#8221; equal_height=&#8221;yes&#8221; content_placement=&#8221;middle&#8221; custom_margin=&#8221;80px 0px 85px 0px&#8221; el_class=&#8221;servicios-wrap&#8221;][vc_column width=&#8221;1\/2&#8243; css=&#8221;.vc_custom_1672288224405{background-color: #f7f7f7 !important;}&#8221; el_class=&#8221;servicios-info&#8221;][vc_column_text el_class=&#8221;servicios-info-txt&#8221;]<\/p>\n<h1>Plan Esperanza<\/h1>\n<p><span class=\"naranja\">Servicio funeral Premium, sala de velaci\u00f3n y cremaci\u00f3n<br \/>\n<\/span><\/p>\n<p>Con este programa recibir\u00e1 un servicio funeral Premium para la persona de su elecci\u00f3n, el cual le incluye:<\/p>\n<ul>\n<li>Servicio de nuestras carrozas.<\/li>\n<li>Empleados en el funeral.<\/li>\n<li>Acondicionamiento del fallecido.<\/li>\n<li>Decoraci\u00f3n de iglesia.<\/li>\n<li>Equipo para velaci\u00f3n en residencia.<\/li>\n<li>Cofre tipo premium.<\/li>\n<li>Libro de firmas y novena.<\/li>\n<li>Tarjetas de agradecimiento.<\/li>\n<li>Arreglos florales tipo Premium.<\/li>\n<li>Velaci\u00f3n en las capillas de Funerales Vida tipo A.<\/li>\n<li>Servicio de cremaci\u00f3n.<\/li>\n<li>Cofre para cenizas.<\/li>\n<li>Permisos del Ministerio de Salud.<\/li>\n<li>Autopsia.<\/li>\n<\/ul>\n<p>Por peque\u00f1as cuotas su programa le incluye los siguientes beneficios:<\/p>\n<ul>\n<li>Aplicaci\u00f3n en la persona de su elecci\u00f3n.<\/li>\n<li>Opciones de pago de peque\u00f1as cuotas con diferentes plazos.<\/li>\n<li>Utilizaci\u00f3n en el momento que usted defina.<\/li>\n<li>Servicio disponible las 24 horas los 7 d\u00edas de la semana.<\/li>\n<\/ul>\n<p>Si desea m\u00e1s informaci\u00f3n, comun\u00edquese al siguiente n\u00famero.[\/vc_column_text][vc_row_inner css=&#8221;.vc_custom_1672957610369{padding-top: 40px !important;}&#8221;][vc_column_inner css=&#8221;.vc_custom_1672287591752{margin-top: 0px !important;margin-right: 0px !important;margin-bottom: 0px !important;margin-left: 0px !important;padding-top: 0px !important;padding-right: 0px !important;padding-bottom: 0px !important;padding-left: 0px !important;}&#8221;][vc_btn title=&#8221;(506) 2522-0300&#8243; shape=&#8221;round&#8221; align=&#8221;left&#8221; i_icon_fontawesome=&#8221;fas fa-phone-alt&#8221; add_icon=&#8221;true&#8221; link=&#8221;url:tel%3A%2B50625220300|target:_blank&#8221; el_class=&#8221;afiliese-btn&#8221;][\/vc_column_inner][\/vc_row_inner][\/vc_column][vc_column width=&#8221;1\/2&#8243; el_class=&#8221;servicios-img&#8221; css=&#8221;.vc_custom_1672279277412{margin-top: 0px !important;margin-right: 0px !important;margin-bottom: 0px !important;margin-left: 0px !important;padding-top: 0px !important;padding-right: 0px !important;padding-bottom: 0px !important;padding-left: 0px !important;}&#8221;][vc_single_image source=&#8221;featured_image&#8221; img_size=&#8221;full&#8221; alignment=&#8221;center&#8221; css=&#8221;.vc_custom_1672957301566{margin-top: 0px !important;margin-right: 0px !important;margin-bottom: 0px !important;margin-left: 0px !important;padding-top: 0px !important;padding-right: 0px !important;padding-bottom: 0px !important;padding-left: 0px !important;}&#8221;][\/vc_column][\/vc_row]<\/p>\n<\/div><\/section>","protected":false},"excerpt":{"rendered":"<p>Servicio funeral Premium, sala de velaci\u00f3n y cremaci\u00f3n<\/p>\n","protected":false},"author":1,"featured_media":6014,"parent":5971,"menu_order":0,"comment_status":"closed","ping_status":"closed","template":"template-fullwidth.php","meta":{"footnotes":""},"categories":[],"class_list":["post-6013","page","type-page","status-publish","has-post-thumbnail","hentry"],"yoast_head":"<!-- This site is optimized with the Yoast SEO plugin v24.6 - https:\/\/yoast.com\/wordpress\/plugins\/seo\/ -->\n<title>Plan Esperanza - Funerales Vida<\/title>\n<meta name=\"description\" content=\"Servicio funeral Premium, sala de velaci\u00f3n y cremaci\u00f3n\" \/>\n<meta name=\"robots\" content=\"index, follow, max-snippet:-1, max-image-preview:large, max-video-preview:-1\" \/>\n<link rel=\"canonical\" href=\"https:\/\/funeralesvida.com\/wp\/planes-y-servicios\/programas-a-futuro\/plan-esperanza\/\" \/>\n<meta property=\"og:locale\" content=\"es_ES\" \/>\n<meta property=\"og:type\" content=\"article\" \/>\n<meta property=\"og:title\" content=\"Plan Esperanza - Funerales Vida\" \/>\n<meta property=\"og:description\" content=\"Servicio funeral Premium, sala de velaci\u00f3n y cremaci\u00f3n\" \/>\n<meta property=\"og:url\" content=\"https:\/\/funeralesvida.com\/wp\/planes-y-servicios\/programas-a-futuro\/plan-esperanza\/\" \/>\n<meta property=\"og:site_name\" content=\"Funerales Vida\" \/>\n<meta property=\"article:modified_time\" content=\"2025-09-30T23:42:14+00:00\" \/>\n<meta property=\"og:image\" content=\"https:\/\/funeralesvida.com\/wp\/wp-content\/uploads\/2023\/01\/plan-esperanza.png\" \/>\n\t<meta property=\"og:image:width\" content=\"676\" \/>\n\t<meta property=\"og:image:height\" content=\"645\" \/>\n\t<meta property=\"og:image:type\" content=\"image\/png\" \/>\n<meta name=\"twitter:card\" content=\"summary_large_image\" \/>\n<meta name=\"twitter:label1\" content=\"Tiempo de lectura\" \/>\n\t<meta name=\"twitter:data1\" content=\"4 minutos\" \/>\n<script type=\"application\/ld+json\" class=\"yoast-schema-graph\">{\"@context\":\"https:\/\/schema.org\",\"@graph\":[{\"@type\":\"WebPage\",\"@id\":\"https:\/\/funeralesvida.com\/wp\/planes-y-servicios\/programas-a-futuro\/plan-esperanza\/\",\"url\":\"https:\/\/funeralesvida.com\/wp\/planes-y-servicios\/programas-a-futuro\/plan-esperanza\/\",\"name\":\"Plan Esperanza - Funerales Vida\",\"isPartOf\":{\"@id\":\"https:\/\/funeralesvida.com\/wp\/#website\"},\"primaryImageOfPage\":{\"@id\":\"https:\/\/funeralesvida.com\/wp\/planes-y-servicios\/programas-a-futuro\/plan-esperanza\/#primaryimage\"},\"image\":{\"@id\":\"https:\/\/funeralesvida.com\/wp\/planes-y-servicios\/programas-a-futuro\/plan-esperanza\/#primaryimage\"},\"thumbnailUrl\":\"https:\/\/funeralesvida.com\/wp\/wp-content\/uploads\/2023\/01\/plan-esperanza.png\",\"datePublished\":\"2023-01-06T05:25:11+00:00\",\"dateModified\":\"2025-09-30T23:42:14+00:00\",\"description\":\"Servicio funeral Premium, sala de velaci\u00f3n y cremaci\u00f3n\",\"breadcrumb\":{\"@id\":\"https:\/\/funeralesvida.com\/wp\/planes-y-servicios\/programas-a-futuro\/plan-esperanza\/#breadcrumb\"},\"inLanguage\":\"es\",\"potentialAction\":[{\"@type\":\"ReadAction\",\"target\":[\"https:\/\/funeralesvida.com\/wp\/planes-y-servicios\/programas-a-futuro\/plan-esperanza\/\"]}]},{\"@type\":\"ImageObject\",\"inLanguage\":\"es\",\"@id\":\"https:\/\/funeralesvida.com\/wp\/planes-y-servicios\/programas-a-futuro\/plan-esperanza\/#primaryimage\",\"url\":\"https:\/\/funeralesvida.com\/wp\/wp-content\/uploads\/2023\/01\/plan-esperanza.png\",\"contentUrl\":\"https:\/\/funeralesvida.com\/wp\/wp-content\/uploads\/2023\/01\/plan-esperanza.png\",\"width\":676,\"height\":645,\"caption\":\"Plan Esperanza\"},{\"@type\":\"BreadcrumbList\",\"@id\":\"https:\/\/funeralesvida.com\/wp\/planes-y-servicios\/programas-a-futuro\/plan-esperanza\/#breadcrumb\",\"itemListElement\":[{\"@type\":\"ListItem\",\"position\":1,\"name\":\"Inicio\",\"item\":\"https:\/\/funeralesvida.com\/wp\/\"},{\"@type\":\"ListItem\",\"position\":2,\"name\":\"Planes y servicios\",\"item\":\"https:\/\/funeralesvida.com\/wp\/planes-y-servicios\/\"},{\"@type\":\"ListItem\",\"position\":3,\"name\":\"Programas a futuro\",\"item\":\"https:\/\/funeralesvida.com\/wp\/planes-y-servicios\/programas-a-futuro\/\"},{\"@type\":\"ListItem\",\"position\":4,\"name\":\"Plan Esperanza\"}]},{\"@type\":\"WebSite\",\"@id\":\"https:\/\/funeralesvida.com\/wp\/#website\",\"url\":\"https:\/\/funeralesvida.com\/wp\/\",\"name\":\"Funerales Vida\",\"description\":\"Servicios funerarios de la mejor calidad\",\"publisher\":{\"@id\":\"https:\/\/funeralesvida.com\/wp\/#organization\"},\"potentialAction\":[{\"@type\":\"SearchAction\",\"target\":{\"@type\":\"EntryPoint\",\"urlTemplate\":\"https:\/\/funeralesvida.com\/wp\/?s={search_term_string}\"},\"query-input\":{\"@type\":\"PropertyValueSpecification\",\"valueRequired\":true,\"valueName\":\"search_term_string\"}}],\"inLanguage\":\"es\"},{\"@type\":\"Organization\",\"@id\":\"https:\/\/funeralesvida.com\/wp\/#organization\",\"name\":\"Funerales Vida\",\"url\":\"https:\/\/funeralesvida.com\/wp\/\",\"logo\":{\"@type\":\"ImageObject\",\"inLanguage\":\"es\",\"@id\":\"https:\/\/funeralesvida.com\/wp\/#\/schema\/logo\/image\/\",\"url\":\"https:\/\/funeralesvida.com\/wp\/wp-content\/uploads\/2024\/02\/logo-web-blanco.png\",\"contentUrl\":\"https:\/\/funeralesvida.com\/wp\/wp-content\/uploads\/2024\/02\/logo-web-blanco.png\",\"width\":800,\"height\":336,\"caption\":\"Funerales Vida\"},\"image\":{\"@id\":\"https:\/\/funeralesvida.com\/wp\/#\/schema\/logo\/image\/\"}}]}<\/script>\n<!-- \/ Yoast SEO plugin. -->","yoast_head_json":{"title":"Plan Esperanza - Funerales Vida","description":"Servicio funeral Premium, sala de velaci\u00f3n y cremaci\u00f3n","robots":{"index":"index","follow":"follow","max-snippet":"max-snippet:-1","max-image-preview":"max-image-preview:large","max-video-preview":"max-video-preview:-1"},"canonical":"https:\/\/funeralesvida.com\/wp\/planes-y-servicios\/programas-a-futuro\/plan-esperanza\/","og_locale":"es_ES","og_type":"article","og_title":"Plan Esperanza - Funerales Vida","og_description":"Servicio funeral Premium, sala de velaci\u00f3n y cremaci\u00f3n","og_url":"https:\/\/funeralesvida.com\/wp\/planes-y-servicios\/programas-a-futuro\/plan-esperanza\/","og_site_name":"Funerales Vida","article_modified_time":"2025-09-30T23:42:14+00:00","og_image":[{"width":676,"height":645,"url":"https:\/\/funeralesvida.com\/wp\/wp-content\/uploads\/2023\/01\/plan-esperanza.png","type":"image\/png"}],"twitter_card":"summary_large_image","twitter_misc":{"Tiempo de lectura":"4 minutos"},"schema":{"@context":"https:\/\/schema.org","@graph":[{"@type":"WebPage","@id":"https:\/\/funeralesvida.com\/wp\/planes-y-servicios\/programas-a-futuro\/plan-esperanza\/","url":"https:\/\/funeralesvida.com\/wp\/planes-y-servicios\/programas-a-futuro\/plan-esperanza\/","name":"Plan Esperanza - Funerales Vida","isPartOf":{"@id":"https:\/\/funeralesvida.com\/wp\/#website"},"primaryImageOfPage":{"@id":"https:\/\/funeralesvida.com\/wp\/planes-y-servicios\/programas-a-futuro\/plan-esperanza\/#primaryimage"},"image":{"@id":"https:\/\/funeralesvida.com\/wp\/planes-y-servicios\/programas-a-futuro\/plan-esperanza\/#primaryimage"},"thumbnailUrl":"https:\/\/funeralesvida.com\/wp\/wp-content\/uploads\/2023\/01\/plan-esperanza.png","datePublished":"2023-01-06T05:25:11+00:00","dateModified":"2025-09-30T23:42:14+00:00","description":"Servicio funeral Premium, sala de velaci\u00f3n y cremaci\u00f3n","breadcrumb":{"@id":"https:\/\/funeralesvida.com\/wp\/planes-y-servicios\/programas-a-futuro\/plan-esperanza\/#breadcrumb"},"inLanguage":"es","potentialAction":[{"@type":"ReadAction","target":["https:\/\/funeralesvida.com\/wp\/planes-y-servicios\/programas-a-futuro\/plan-esperanza\/"]}]},{"@type":"ImageObject","inLanguage":"es","@id":"https:\/\/funeralesvida.com\/wp\/planes-y-servicios\/programas-a-futuro\/plan-esperanza\/#primaryimage","url":"https:\/\/funeralesvida.com\/wp\/wp-content\/uploads\/2023\/01\/plan-esperanza.png","contentUrl":"https:\/\/funeralesvida.com\/wp\/wp-content\/uploads\/2023\/01\/plan-esperanza.png","width":676,"height":645,"caption":"Plan Esperanza"},{"@type":"BreadcrumbList","@id":"https:\/\/funeralesvida.com\/wp\/planes-y-servicios\/programas-a-futuro\/plan-esperanza\/#breadcrumb","itemListElement":[{"@type":"ListItem","position":1,"name":"Inicio","item":"https:\/\/funeralesvida.com\/wp\/"},{"@type":"ListItem","position":2,"name":"Planes y servicios","item":"https:\/\/funeralesvida.com\/wp\/planes-y-servicios\/"},{"@type":"ListItem","position":3,"name":"Programas a futuro","item":"https:\/\/funeralesvida.com\/wp\/planes-y-servicios\/programas-a-futuro\/"},{"@type":"ListItem","position":4,"name":"Plan Esperanza"}]},{"@type":"WebSite","@id":"https:\/\/funeralesvida.com\/wp\/#website","url":"https:\/\/funeralesvida.com\/wp\/","name":"Funerales Vida","description":"Servicios funerarios de la mejor calidad","publisher":{"@id":"https:\/\/funeralesvida.com\/wp\/#organization"},"potentialAction":[{"@type":"SearchAction","target":{"@type":"EntryPoint","urlTemplate":"https:\/\/funeralesvida.com\/wp\/?s={search_term_string}"},"query-input":{"@type":"PropertyValueSpecification","valueRequired":true,"valueName":"search_term_string"}}],"inLanguage":"es"},{"@type":"Organization","@id":"https:\/\/funeralesvida.com\/wp\/#organization","name":"Funerales Vida","url":"https:\/\/funeralesvida.com\/wp\/","logo":{"@type":"ImageObject","inLanguage":"es","@id":"https:\/\/funeralesvida.com\/wp\/#\/schema\/logo\/image\/","url":"https:\/\/funeralesvida.com\/wp\/wp-content\/uploads\/2024\/02\/logo-web-blanco.png","contentUrl":"https:\/\/funeralesvida.com\/wp\/wp-content\/uploads\/2024\/02\/logo-web-blanco.png","width":800,"height":336,"caption":"Funerales Vida"},"image":{"@id":"https:\/\/funeralesvida.com\/wp\/#\/schema\/logo\/image\/"}}]}},"_links":{"self":[{"href":"https:\/\/funeralesvida.com\/wp\/wp-json\/wp\/v2\/pages\/6013","targetHints":{"allow":["GET"]}}],"collection":[{"href":"https:\/\/funeralesvida.com\/wp\/wp-json\/wp\/v2\/pages"}],"about":[{"href":"https:\/\/funeralesvida.com\/wp\/wp-json\/wp\/v2\/types\/page"}],"author":[{"embeddable":true,"href":"https:\/\/funeralesvida.com\/wp\/wp-json\/wp\/v2\/users\/1"}],"replies":[{"embeddable":true,"href":"https:\/\/funeralesvida.com\/wp\/wp-json\/wp\/v2\/comments?post=6013"}],"version-history":[{"count":4,"href":"https:\/\/funeralesvida.com\/wp\/wp-json\/wp\/v2\/pages\/6013\/revisions"}],"predecessor-version":[{"id":8163,"href":"https:\/\/funeralesvida.com\/wp\/wp-json\/wp\/v2\/pages\/6013\/revisions\/8163"}],"up":[{"embeddable":true,"href":"https:\/\/funeralesvida.com\/wp\/wp-json\/wp\/v2\/pages\/5971"}],"wp:featuredmedia":[{"embeddable":true,"href":"https:\/\/funeralesvida.com\/wp\/wp-json\/wp\/v2\/media\/6014"}],"wp:attachment":[{"href":"https:\/\/funeralesvida.com\/wp\/wp-json\/wp\/v2\/media?parent=6013"}],"wp:term":[{"taxonomy":"category","embeddable":true,"href":"https:\/\/funeralesvida.com\/wp\/wp-json\/wp\/v2\/categories?post=6013"}],"curies":[{"name":"wp","href":"https:\/\/api.w.org\/{rel}","templated":true}]}}